{"id":180,"date":"2015-08-09T19:33:20","date_gmt":"2015-08-09T17:33:20","guid":{"rendered":"http:\/\/welt-reise-berichte.de\/?page_id=180"},"modified":"2015-08-10T01:25:33","modified_gmt":"2015-08-09T23:25:33","slug":"ueber-uns","status":"publish","type":"page","link":"https:\/\/welt-reise-berichte.de\/?page_id=180","title":{"rendered":"\u00dcber uns"},"content":{"rendered":"<p>Hallo an alle Blogleser, Freunde, Familie und nette Kunden,<\/p>\n<p>als erstes m\u00f6chten wir uns vorstellen.<\/p>\n<p>Anja 31 Jahre alt und selbst\u00e4ndige Friseurin<\/p>\n<p>Benedikt 38 Jahre und selbst\u00e4ndiger Softwerentwickler<\/p>\n<p>Was kann man von uns erz\u00e4hlen oder wie ich immer gefragt werde, warum machen wir das und wie kommt man auf die Idee eine Weltreise zu machen? Ja wie kommt man darauf, alles hinter sich zu lassen, Neues zu entdecken, eine Fremdsprache zu lernen, Abenteuer erleben und neue Kulturen und Menschen kennenzulernen?<\/p>\n<p>Benedikt und ich sind jetzt seit guten 3 Jahren zusammen und haben in dieser Zeit auch schon das Ein oder Andere gesehen und erlebt. Ob Fahrrad fahren durch Manhatten, Ski fahren in Dubai, Jetski fahren um Key West, Zug fahren duch Italien oder eine Kreuzfahrt um die Kanaren. Manches war super und anderes eher weniger. Die Lust am Reisen haben wir aber nie verloren. Das Gegenteil ist der Fall!<\/p>\n<p>Immer wieder holte uns der Alltag ein. Jeden Tag aufs Neue, immer und immer wieder. Anfang 2014 war so eine Zeit und wir waren oder sind gelangweilt vom Alltag. Es musste doch noch etwas anders geben, als morgens aufstehen, arbeiten, schlafen, arbeiten und wieder schlafen. Jahr f\u00fcr Jahr, Monat f\u00fcr Monat, Tag f\u00fcr Tag.<\/p>\n<p>Sicherlich ist es das, was viele von uns Gl\u00fccklich machen.<\/p>\n<p>Weil es den einen oder andern auch Erf\u00fcllt\u00a0 oder weil man das eben so macht. Man baut veilleicht ein Haus oder kauft sich eine schicke Wohnung, Heiratet und bekommt ein oder zwei Kinder, arbeitet an der Karriere und macht ein oder zwei mal im Jahr einen sch\u00f6nen Urlaub. Das ist auch v\u00f6llig in Ordnung und wir denken auch, dass es eines Tages unser Leben bereichert und sch\u00f6ner und gl\u00fccklicher machen wird. Doch bevor wir die Familienplanung angehen werden, wollten wir nochmal ein Abenteuer erleben. Und somit fingen wir an unsere gr\u00f6\u00dfte Reise zu planen.<\/p>\n<p>Daf\u00fcr haben viele B\u00fccher gelesen, eine gro\u00dfe Weltkarte aufgeh\u00e4ngt und uns Gedanken gemacht.<\/p>\n<p>Was wollen wir sehen?<\/p>\n<p>Wo wollen wir hin?<\/p>\n<p>Wie k\u00f6nnen wir das finanzieren?<\/p>\n<p>Was nehmen wir mit?<\/p>\n<p>Und vorallem, was soll uns diese Reise bringen?\u00a0 \ud83d\ude42<\/p>\n<p>All diese Fragen k\u00f6nnen wir bereits jetzt beantworten, nur bei der letzten wird sich zeigen was die Reise bringt.<\/p>\n<p>Wir hoffen Euch mit diesem Blog ein paar tolle Eindr\u00fccke und Erlebnisse zu geben, wir werden abwechselnd immer mal ein paar Bilder und Berichte einstellen, um euch, unseren Freunden und Familie auf den Laufenden zu halten, wo wir gerade sind, wie es uns geht und was wir so erlebt haben, auf einer f\u00fcr uns andere Welt und auch einer spannende Reise.<\/p>\n<p>P.S. wir sind Blog Anf\u00e4nger und bitten um Nachsicht f\u00fcr den vielleicht ein oder andern Fehler oder Ausdrucksweise.<\/p>\n<p>Wir freuen uns auf Eure Kommentare und Reaktionen.<\/p>\n<p>Benedikt und Anja<\/p>\n<p>&nbsp;<\/p>\n","protected":false},"excerpt":{"rendered":"<p>Hallo an alle Blogleser, Freunde, Familie und nette Kunden, als erstes m\u00f6chten wir uns vorstellen. Anja 31 Jahre alt und selbst\u00e4ndige Friseurin Benedikt 38 Jahre und selbst\u00e4ndiger Softwerentwickler Was kann man von uns erz\u00e4hlen oder wie ich immer gefragt werde, warum machen wir das und wie kommt man auf die Idee eine Weltreise zu machen? [&hellip;]<\/p>\n","protected":false},"author":1,"featured_media":201,"parent":0,"menu_order":0,"comment_status":"closed","ping_status":"open","template":"","meta":{"ngg_post_thumbnail":0},"_links":{"self":[{"href":"https:\/\/welt-reise-berichte.de\/index.php?rest_route=\/wp\/v2\/pages\/180"}],"collection":[{"href":"https:\/\/welt-reise-berichte.de\/index.php?rest_route=\/wp\/v2\/pages"}],"about":[{"href":"https:\/\/welt-reise-berichte.de\/index.php?rest_route=\/wp\/v2\/types\/page"}],"author":[{"embeddable":true,"href":"https:\/\/welt-reise-berichte.de\/index.php?rest_route=\/wp\/v2\/users\/1"}],"replies":[{"embeddable":true,"href":"https:\/\/welt-reise-berichte.de\/index.php?rest_route=%2Fwp%2Fv2%2Fcomments&post=180"}],"version-history":[{"count":9,"href":"https:\/\/welt-reise-berichte.de\/index.php?rest_route=\/wp\/v2\/pages\/180\/revisions"}],"predecessor-version":[{"id":212,"href":"https:\/\/welt-reise-berichte.de\/index.php?rest_route=\/wp\/v2\/pages\/180\/revisions\/212"}],"wp:featuredmedia":[{"embeddable":true,"href":"https:\/\/welt-reise-berichte.de\/index.php?rest_route=\/wp\/v2\/media\/201"}],"wp:attachment":[{"href":"https:\/\/welt-reise-berichte.de\/index.php?rest_route=%2Fwp%2Fv2%2Fmedia&parent=180"}],"curies":[{"name":"wp","href":"https:\/\/api.w.org\/{rel}","templated":true}]}}